{"id":19792,"date":"2024-09-05T14:54:17","date_gmt":"2024-09-05T14:54:17","guid":{"rendered":"https:\/\/imoprius.com\/politica-de-privacidad\/"},"modified":"2024-09-12T10:17:56","modified_gmt":"2024-09-12T10:17:56","slug":"politica-de-privacidad","status":"publish","type":"page","link":"https:\/\/imoprius.com\/es\/politica-de-privacidad\/","title":{"rendered":"Pol\u00edtica de privacidad"},"content":{"rendered":"\t\t<div data-elementor-type=\"wp-page\" data-elementor-id=\"19792\" class=\"elementor elementor-19792 elementor-19240\" data-elementor-post-type=\"page\">\n\t\t\t\t<div class=\"elementor-element elementor-element-199d638 e-flex e-con-boxed e-con e-parent\" data-id=\"199d638\" data-element_type=\"container\">\n\t\t\t\t\t<div class=\"e-con-inner\">\n\t\t\t\t<div class=\"elementor-element elementor-element-0982fee elementor-widget elementor-widget-spacer\" data-id=\"0982fee\" data-element_type=\"widget\" data-widget_type=\"spacer.default\">\n\t\t\t\t<div class=\"elementor-widget-container\">\n\t\t\t<style>\/*! elementor - v3.23.0 - 05-08-2024 *\/\n.elementor-column .elementor-spacer-inner{height:var(--spacer-size)}.e-con{--container-widget-width:100%}.e-con-inner>.elementor-widget-spacer,.e-con>.elementor-widget-spacer{width:var(--container-widget-width,var(--spacer-size));--align-self:var(--container-widget-align-self,initial);--flex-shrink:0}.e-con-inner>.elementor-widget-spacer>.elementor-widget-container,.e-con>.elementor-widget-spacer>.elementor-widget-container{height:100%;width:100%}.e-con-inner>.elementor-widget-spacer>.elementor-widget-container>.elementor-spacer,.e-con>.elementor-widget-spacer>.elementor-widget-container>.elementor-spacer{height:100%}.e-con-inner>.elementor-widget-spacer>.elementor-widget-container>.elementor-spacer>.elementor-spacer-inner,.e-con>.elementor-widget-spacer>.elementor-widget-container>.elementor-spacer>.elementor-spacer-inner{height:var(--container-widget-height,var(--spacer-size))}.e-con-inner>.elementor-widget-spacer.elementor-widget-empty,.e-con>.elementor-widget-spacer.elementor-widget-empty{position:relative;min-height:22px;min-width:22px}.e-con-inner>.elementor-widget-spacer.elementor-widget-empty .elementor-widget-empty-icon,.e-con>.elementor-widget-spacer.elementor-widget-empty .elementor-widget-empty-icon{position:absolute;top:0;bottom:0;left:0;right:0;margin:auto;padding:0;width:22px;height:22px}<\/style>\t\t<div class=\"elementor-spacer\">\n\t\t\t<div class=\"elementor-spacer-inner\"><\/div>\n\t\t<\/div>\n\t\t\t\t<\/div>\n\t\t\t\t<\/div>\n\t\t\t\t\t<\/div>\n\t\t\t\t<\/div>\n\t\t<div class=\"elementor-element elementor-element-819d794 e-flex e-con-boxed e-con e-parent\" data-id=\"819d794\" data-element_type=\"container\">\n\t\t\t\t\t<div class=\"e-con-inner\">\n\t\t\t\t<div class=\"elementor-element elementor-element-41a49ec elementor-widget elementor-widget-heading\" data-id=\"41a49ec\" data-element_type=\"widget\" data-widget_type=\"heading.default\">\n\t\t\t\t<div class=\"elementor-widget-container\">\n\t\t\t<style>\/*! elementor - v3.23.0 - 05-08-2024 *\/\n.elementor-heading-title{padding:0;margin:0;line-height:1}.elementor-widget-heading .elementor-heading-title[class*=elementor-size-]>a{color:inherit;font-size:inherit;line-height:inherit}.elementor-widget-heading .elementor-heading-title.elementor-size-small{font-size:15px}.elementor-widget-heading .elementor-heading-title.elementor-size-medium{font-size:19px}.elementor-widget-heading .elementor-heading-title.elementor-size-large{font-size:29px}.elementor-widget-heading .elementor-heading-title.elementor-size-xl{font-size:39px}.elementor-widget-heading .elementor-heading-title.elementor-size-xxl{font-size:59px}<\/style><h3 class=\"elementor-heading-title elementor-size-default\">Pol\u00edtica de privacidad<\/h3>\t\t<\/div>\n\t\t\t\t<\/div>\n\t\t\t\t\t<\/div>\n\t\t\t\t<\/div>\n\t\t<div class=\"elementor-element elementor-element-e9ca7fd e-flex e-con-boxed e-con e-parent\" data-id=\"e9ca7fd\" data-element_type=\"container\">\n\t\t\t\t\t<div class=\"e-con-inner\">\n\t\t\t\t<div class=\"elementor-element elementor-element-fabc414 elementor-widget elementor-widget-spacer\" data-id=\"fabc414\" data-element_type=\"widget\" data-widget_type=\"spacer.default\">\n\t\t\t\t<div class=\"elementor-widget-container\">\n\t\t\t\t\t<div class=\"elementor-spacer\">\n\t\t\t<div class=\"elementor-spacer-inner\"><\/div>\n\t\t<\/div>\n\t\t\t\t<\/div>\n\t\t\t\t<\/div>\n\t\t\t\t\t<\/div>\n\t\t\t\t<\/div>\n\t\t<div class=\"elementor-element elementor-element-7aaada9 e-flex e-con-boxed e-con e-parent\" data-id=\"7aaada9\" data-element_type=\"container\">\n\t\t\t\t\t<div class=\"e-con-inner\">\n\t\t\t\t<div class=\"elementor-element elementor-element-5071b6b elementor-widget elementor-widget-text-editor\" data-id=\"5071b6b\" data-element_type=\"widget\" data-widget_type=\"text-editor.default\">\n\t\t\t\t<div class=\"elementor-widget-container\">\n\t\t\t<style>\/*! elementor - v3.23.0 - 05-08-2024 *\/\n.elementor-widget-text-editor.elementor-drop-cap-view-stacked .elementor-drop-cap{background-color:#69727d;color:#fff}.elementor-widget-text-editor.elementor-drop-cap-view-framed .elementor-drop-cap{color:#69727d;border:3px solid;background-color:transparent}.elementor-widget-text-editor:not(.elementor-drop-cap-view-default) .elementor-drop-cap{margin-top:8px}.elementor-widget-text-editor:not(.elementor-drop-cap-view-default) .elementor-drop-cap-letter{width:1em;height:1em}.elementor-widget-text-editor .elementor-drop-cap{float:left;text-align:center;line-height:1;font-size:50px}.elementor-widget-text-editor .elementor-drop-cap-letter{display:inline-block}<\/style>\t\t\t\t<p><strong>1. IDENTIFICACI\u00d3N DEL RESPONSABLE DEL TRATAMIENTO<\/strong><\/p>\n<p><strong>Nombre de la empresa:<\/strong> IMOPRIUS, UNIPESSOAL LDA<\/p>\n<p><strong>Sede:<\/strong> Avenida da Rep\u00fablica, n.\u00ba 1<\/p>\n<p><strong>Distrito:<\/strong> Braga Concelho: Vila Verde Freguesia: Lage<\/p>\n<p>4730 251 Lage<\/p>\n<p><strong>NIPC:<\/strong> 518 330 346<\/p>\n<p><strong>Tel\u00e9fono:<\/strong> +351 91 330 62 62<\/p>\n<p><strong>E-mail:<\/strong> <a href=\"mailto:info@imoprius.com\">info@imoprius.com<\/a><\/p>\n<\/p>\n<p><strong>2. INFORMACI\u00d3N SOBRE EL TRATAMIENTO<\/strong><\/p>\n<p>El Reglamento General de Protecci\u00f3n de Datos (Reglamento (UE) 2016\/679 del Parlamento Europeo y del Consejo de 27 de abril de 2016, (&#8220;RGPD&#8221;) y la Ley n.\u00ba 58\/2019, de 8 de agosto, garantizan la protecci\u00f3n de las personas f\u00edsicas en lo que respecta al tratamiento de datos personales y a la libre circulaci\u00f3n de dichos datos.<\/p>\n<\/p>\n<p>De conformidad con la ley, se consideran datos personales cualquier &#8220;informaci\u00f3n relativa a una persona f\u00edsica identificada o identificable (&#8220;el titular de los datos&#8221;); se considera identificable una persona f\u00edsica que pueda ser identificada, directa o indirectamente, en particular mediante referencia a un identificador, como por ejemplo un nombre, un n\u00famero de identificaci\u00f3n, datos de localizaci\u00f3n, identificadores electr\u00f3nicos o uno o m\u00e1s elementos espec\u00edficos de la identidad f\u00edsica, fisiol\u00f3gica, gen\u00e9tica, mental, econ\u00f3mica, cultural o social de dicha persona f\u00edsica&#8221;. Los datos personales proporcionados por el usuario ser\u00e1n incluidos en un archivo bajo la responsabilidad de Imoprius, cuyo tratamiento se realizar\u00e1 de acuerdo con la legislaci\u00f3n sobre protecci\u00f3n de datos personales, aplicando las medidas de seguridad t\u00e9cnicas y organizativas adecuadas. Imoprius mantiene una base de datos con el registro de sus clientes, compuesta \u00fanicamente por los datos personales proporcionados por el propio titular de los datos, siendo estos recogidos y tratados autom\u00e1ticamente por Imoprius, la entidad responsable del tratamiento de los datos personales. En ning\u00fan caso se solicitar\u00e1n datos personales sobre el origen racial o \u00e9tnico, opiniones pol\u00edticas, creencias religiosas o filos\u00f3ficas, opiniones pol\u00edticas, afiliaci\u00f3n sindical, datos relacionados con la salud y la vida sexual, datos gen\u00e9ticos, biom\u00e9tricos o datos relacionados con la vida sexual u orientaci\u00f3n sexual. En ning\u00fan caso, Imoprius realizar\u00e1 cualquiera de las siguientes actividades con los datos personales proporcionados a trav\u00e9s de este sitio:    <\/p>\n<\/p>\n<ul>\n<li>Ceder a terceros;<\/li>\n<li>Ceder a otras entidades fuera de Imoprius;<\/li>\n<li>Transferir fuera del Espacio Econ\u00f3mico Europeo (EEE).<\/li>\n<\/ul>\n<p><strong>3. FINALIDADES DEL TRATAMIENTO DE DATOS PERSONALES<\/strong><\/p>\n<p>Los datos personales tratados a trav\u00e9s de esta p\u00e1gina ser\u00e1n utilizados \u00fanicamente para las siguientes finalidades:<\/p>\n<p>Permitir la actuaci\u00f3n de Imoprius como comprador y vendedor de inmuebles, con el fin de proceder a la correspondiente recopilaci\u00f3n de datos para una propuesta de compra o de venta;<\/p>\n<p>Permitir que los datos personales sean tratados por Imoprius, para que se ofrezca la posibilidad de captar el inmueble para su venta;<\/p>\n<p>Actividades de an\u00e1lisis estad\u00edstico;<\/p>\n<p>Marketing, en caso de que el cliente haya dado su consentimiento. (El env\u00edo de comunicaciones promocionales o acciones de marketing sobre productos de Imoprius o de socios que sean de inter\u00e9s para el usuario se dirigir\u00e1 exclusivamente a los usuarios que hayan autorizado previamente y de forma expresa.) <\/p>\n<p>Imoprius garantiza la confidencialidad de todos los datos proporcionados. No obstante, Imoprius procede a la recopilaci\u00f3n y al tratamiento de datos de manera segura, utilizando las t\u00e9cnicas m\u00e1s adecuadas para evitar su p\u00e9rdida o manipulaci\u00f3n. La falta de respuesta a los datos marcados como obligatorios implica la imposibilidad de atender la solicitud del titular de los datos. La base legal para el tratamiento de datos personales para las mencionadas finalidades, seg\u00fan el caso, es el consentimiento del titular de los datos, la ejecuci\u00f3n de un contrato en el que el titular de los datos sea parte, el cumplimiento de una obligaci\u00f3n legal o el inter\u00e9s leg\u00edtimo del responsable del tratamiento. Los datos se conservan durante el tiempo necesario para las finalidades para las cuales fueron recogidos, para el cumplimiento de plazos legales de conservaci\u00f3n y hasta la extinci\u00f3n de eventuales responsabilidades del responsable del tratamiento.    <\/p>\n<\/p>\n<p><strong>4. MEDIDAS DE SEGURIDAD<\/strong><\/p>\n<p>Imoprius ha implementado y continuar\u00e1 implementando las medidas de seguridad de naturaleza t\u00e9cnica y organizativa necesarias para garantizar la seguridad de los datos personales que se le proporcionen, con el objetivo de evitar su alteraci\u00f3n, p\u00e9rdida, tratamiento y\/o acceso no autorizado, teniendo en cuenta el estado actual de la tecnolog\u00eda, la naturaleza de los datos almacenados y los riesgos a los que est\u00e1n expuestos.<\/p>\n<p>Siempre que acceda a datos personales, Imoprius se compromete a:<\/p>\n<p>Almacenarlos mediante medidas de seguridad, legalmente exigibles, de naturaleza t\u00e9cnica y organizativa, que garanticen su seguridad, evitando as\u00ed la alteraci\u00f3n, p\u00e9rdida, tratamiento o acceso no autorizado, de acuerdo con el estado de la tecnolog\u00eda en cada momento, la naturaleza de los datos y los posibles riesgos a los que est\u00e9n expuestos;<\/p>\n<p>Utilizar los datos exclusivamente para las finalidades previamente definidas;<\/p>\n<p>Asegurarse de que los datos sean tratados \u00fanicamente por los colaboradores cuya intervenci\u00f3n sea necesaria para satisfacer la solicitud del titular de los datos, estando estos obligados al deber de secreto y confidencialidad. Si existe la posibilidad de que la informaci\u00f3n sea transmitida a terceros para dichos fines, estos est\u00e1n obligados a mantener la debida confidencialidad. <\/p>\n<\/p>\n<p><strong>5. EJERCICIO DE LOS DERECHOS<\/strong><\/p>\n<p>De acuerdo con el RGPD y la Ley n.\u00ba 58\/2019, de 8 de agosto, el usuario puede ejercer en todo momento sus derechos de informaci\u00f3n, acceso, rectificaci\u00f3n, eliminaci\u00f3n, limitaci\u00f3n, portabilidad y oposici\u00f3n, mediante solicitud escrita dirigida a Imoprius a trav\u00e9s de los siguientes medios:<\/p>\n<p>Por correo postal a la direcci\u00f3n:<br \/>Av. da Rep\u00fablica 1<br \/>4730-251 Lage \u2013 Vila Verde <\/p>\n<p>Correo electr\u00f3nico a la direcci\u00f3n: <a href=\"mailto:info@Imoprius.com\">info@Imoprius.com<\/a><\/p>\n<\/p>\n<p><strong>6. AUTORIDAD DE CONTROL<\/strong><\/p>\n<p>El titular de los datos tambi\u00e9n tiene el derecho a presentar una reclamaci\u00f3n ante la Comisi\u00f3n Nacional de Protecci\u00f3n de Datos (CNPD) <strong><a href=\"https:\/\/www.cnpd.pt\/\" target=\"_blank\" rel=\"noopener\">www.cnpd.pt<\/a><\/strong> .<\/p>\n\t\t\t\t\t\t<\/div>\n\t\t\t\t<\/div>\n\t\t\t\t\t<\/div>\n\t\t\t\t<\/div>\n\t\t<div class=\"elementor-element elementor-element-44b68e6 e-flex e-con-boxed e-con e-parent\" data-id=\"44b68e6\" data-element_type=\"container\">\n\t\t\t\t\t<div class=\"e-con-inner\">\n\t\t\t\t<div class=\"elementor-element elementor-element-fcc1961 elementor-widget elementor-widget-spacer\" data-id=\"fcc1961\" data-element_type=\"widget\" data-widget_type=\"spacer.default\">\n\t\t\t\t<div class=\"elementor-widget-container\">\n\t\t\t\t\t<div class=\"elementor-spacer\">\n\t\t\t<div class=\"elementor-spacer-inner\"><\/div>\n\t\t<\/div>\n\t\t\t\t<\/div>\n\t\t\t\t<\/div>\n\t\t\t\t\t<\/div>\n\t\t\t\t<\/div>\n\t\t\t\t<\/div>\n\t\t","protected":false},"excerpt":{"rendered":"<p>Pol\u00edtica de privacidad 1. IDENTIFICACI\u00d3N DEL RESPONSABLE DEL TRATAMIENTO Nombre de la empresa: IMOPRIUS, UNIPESSOAL LDA Sede: Avenida da Rep\u00fablica, n.\u00ba 1 Distrito: Braga Concelho: Vila Verde Freguesia: Lage 4730 251 Lage NIPC: 518 330 346 Tel\u00e9fono: +351 91 330 62 62 E-mail: info@imoprius.com 2. INFORMACI\u00d3N SOBRE EL TRATAMIENTO El Reglamento General de Protecci\u00f3n de [&hellip;]<\/p>\n","protected":false},"author":2,"featured_media":0,"parent":0,"menu_order":0,"comment_status":"closed","ping_status":"closed","template":"template\/template-homepage.php","meta":{"footnotes":""},"class_list":["post-19792","page","type-page","status-publish","hentry"],"yoast_head":"<!-- This site is optimized with the Yoast SEO Premium plugin v23.2 (Yoast SEO v23.3) - https:\/\/yoast.com\/wordpress\/plugins\/seo\/ -->\n<title>Pol\u00edtica de privacidad - Imoprius - inversiones inmobiliarias<\/title>\n<meta name=\"robots\" content=\"index, follow, max-snippet:-1, max-image-preview:large, max-video-preview:-1\" \/>\n<link rel=\"canonical\" href=\"https:\/\/imoprius.com\/es\/politica-de-privacidad\/\" \/>\n<meta property=\"og:locale\" content=\"es_ES\" \/>\n<meta property=\"og:type\" content=\"article\" \/>\n<meta property=\"og:title\" content=\"Pol\u00edtica de privacidad\" \/>\n<meta property=\"og:description\" content=\"Pol\u00edtica de privacidad 1. IDENTIFICACI\u00d3N DEL RESPONSABLE DEL TRATAMIENTO Nombre de la empresa: IMOPRIUS, UNIPESSOAL LDA Sede: Avenida da Rep\u00fablica, n.\u00ba 1 Distrito: Braga Concelho: Vila Verde Freguesia: Lage 4730 251 Lage NIPC: 518 330 346 Tel\u00e9fono: +351 91 330 62 62 E-mail: info@imoprius.com 2. INFORMACI\u00d3N SOBRE EL TRATAMIENTO El Reglamento General de Protecci\u00f3n de [&hellip;]\" \/>\n<meta property=\"og:url\" content=\"https:\/\/imoprius.com\/es\/politica-de-privacidad\/\" \/>\n<meta property=\"og:site_name\" content=\"Imoprius - inversiones inmobiliarias\" \/>\n<meta property=\"article:publisher\" content=\"https:\/\/www.facebook.com\/imoprius\" \/>\n<meta property=\"article:modified_time\" content=\"2024-09-12T10:17:56+00:00\" \/>\n<meta name=\"twitter:card\" content=\"summary_large_image\" \/>\n<meta name=\"twitter:label1\" content=\"Tiempo de lectura\" \/>\n\t<meta name=\"twitter:data1\" content=\"5 minutos\" \/>\n<script type=\"application\/ld+json\" class=\"yoast-schema-graph\">{\"@context\":\"https:\/\/schema.org\",\"@graph\":[{\"@type\":\"WebPage\",\"@id\":\"https:\/\/imoprius.com\/es\/politica-de-privacidad\/\",\"url\":\"https:\/\/imoprius.com\/es\/politica-de-privacidad\/\",\"name\":\"Pol\u00edtica de privacidad - Imoprius - inversiones inmobiliarias\",\"isPartOf\":{\"@id\":\"https:\/\/imoprius.com\/#website\"},\"datePublished\":\"2024-09-05T14:54:17+00:00\",\"dateModified\":\"2024-09-12T10:17:56+00:00\",\"breadcrumb\":{\"@id\":\"https:\/\/imoprius.com\/es\/politica-de-privacidad\/#breadcrumb\"},\"inLanguage\":\"es\",\"potentialAction\":[{\"@type\":\"ReadAction\",\"target\":[\"https:\/\/imoprius.com\/es\/politica-de-privacidad\/\"]}]},{\"@type\":\"BreadcrumbList\",\"@id\":\"https:\/\/imoprius.com\/es\/politica-de-privacidad\/#breadcrumb\",\"itemListElement\":[{\"@type\":\"ListItem\",\"position\":1,\"name\":\"In\u00edcio\",\"item\":\"https:\/\/imoprius.com\/es\/pagina-de-inicio\/\"},{\"@type\":\"ListItem\",\"position\":2,\"name\":\"Pol\u00edtica de privacidad\"}]},{\"@type\":\"WebSite\",\"@id\":\"https:\/\/imoprius.com\/#website\",\"url\":\"https:\/\/imoprius.com\/\",\"name\":\"Imoprius - Investimentos Imobili\u00e1rios\",\"description\":\"En Imoprius compramos su inmueble en pocos d\u00edas, garantizando un proceso simple y sin complicaciones. Evaluaci\u00f3n gratuita. \u00a1Cont\u00e1ctenos ya!\",\"publisher\":{\"@id\":\"https:\/\/imoprius.com\/#organization\"},\"potentialAction\":[{\"@type\":\"SearchAction\",\"target\":{\"@type\":\"EntryPoint\",\"urlTemplate\":\"https:\/\/imoprius.com\/?s={search_term_string}\"},\"query-input\":\"required name=search_term_string\"}],\"inLanguage\":\"es\"},{\"@type\":\"Organization\",\"@id\":\"https:\/\/imoprius.com\/#organization\",\"name\":\"Imoprius - Investimentos Imobili\u00e1rios\",\"url\":\"https:\/\/imoprius.com\/\",\"logo\":{\"@type\":\"ImageObject\",\"inLanguage\":\"es\",\"@id\":\"https:\/\/imoprius.com\/#\/schema\/logo\/image\/\",\"url\":\"https:\/\/imoprius.com\/wp-content\/uploads\/2024\/09\/android-chrome-192x192-1.png\",\"contentUrl\":\"https:\/\/imoprius.com\/wp-content\/uploads\/2024\/09\/android-chrome-192x192-1.png\",\"width\":192,\"height\":192,\"caption\":\"Imoprius - Investimentos Imobili\u00e1rios\"},\"image\":{\"@id\":\"https:\/\/imoprius.com\/#\/schema\/logo\/image\/\"},\"sameAs\":[\"https:\/\/www.facebook.com\/imoprius\"]}]}<\/script>\n<!-- \/ Yoast SEO Premium plugin. -->","yoast_head_json":{"title":"Pol\u00edtica de privacidad - Imoprius - inversiones inmobiliarias","robots":{"index":"index","follow":"follow","max-snippet":"max-snippet:-1","max-image-preview":"max-image-preview:large","max-video-preview":"max-video-preview:-1"},"canonical":"https:\/\/imoprius.com\/es\/politica-de-privacidad\/","og_locale":"es_ES","og_type":"article","og_title":"Pol\u00edtica de privacidad","og_description":"Pol\u00edtica de privacidad 1. IDENTIFICACI\u00d3N DEL RESPONSABLE DEL TRATAMIENTO Nombre de la empresa: IMOPRIUS, UNIPESSOAL LDA Sede: Avenida da Rep\u00fablica, n.\u00ba 1 Distrito: Braga Concelho: Vila Verde Freguesia: Lage 4730 251 Lage NIPC: 518 330 346 Tel\u00e9fono: +351 91 330 62 62 E-mail: info@imoprius.com 2. INFORMACI\u00d3N SOBRE EL TRATAMIENTO El Reglamento General de Protecci\u00f3n de [&hellip;]","og_url":"https:\/\/imoprius.com\/es\/politica-de-privacidad\/","og_site_name":"Imoprius - inversiones inmobiliarias","article_publisher":"https:\/\/www.facebook.com\/imoprius","article_modified_time":"2024-09-12T10:17:56+00:00","twitter_card":"summary_large_image","twitter_misc":{"Tiempo de lectura":"5 minutos"},"schema":{"@context":"https:\/\/schema.org","@graph":[{"@type":"WebPage","@id":"https:\/\/imoprius.com\/es\/politica-de-privacidad\/","url":"https:\/\/imoprius.com\/es\/politica-de-privacidad\/","name":"Pol\u00edtica de privacidad - Imoprius - inversiones inmobiliarias","isPartOf":{"@id":"https:\/\/imoprius.com\/#website"},"datePublished":"2024-09-05T14:54:17+00:00","dateModified":"2024-09-12T10:17:56+00:00","breadcrumb":{"@id":"https:\/\/imoprius.com\/es\/politica-de-privacidad\/#breadcrumb"},"inLanguage":"es","potentialAction":[{"@type":"ReadAction","target":["https:\/\/imoprius.com\/es\/politica-de-privacidad\/"]}]},{"@type":"BreadcrumbList","@id":"https:\/\/imoprius.com\/es\/politica-de-privacidad\/#breadcrumb","itemListElement":[{"@type":"ListItem","position":1,"name":"In\u00edcio","item":"https:\/\/imoprius.com\/es\/pagina-de-inicio\/"},{"@type":"ListItem","position":2,"name":"Pol\u00edtica de privacidad"}]},{"@type":"WebSite","@id":"https:\/\/imoprius.com\/#website","url":"https:\/\/imoprius.com\/","name":"Imoprius - Investimentos Imobili\u00e1rios","description":"En Imoprius compramos su inmueble en pocos d\u00edas, garantizando un proceso simple y sin complicaciones. Evaluaci\u00f3n gratuita. \u00a1Cont\u00e1ctenos ya!","publisher":{"@id":"https:\/\/imoprius.com\/#organization"},"potentialAction":[{"@type":"SearchAction","target":{"@type":"EntryPoint","urlTemplate":"https:\/\/imoprius.com\/?s={search_term_string}"},"query-input":"required name=search_term_string"}],"inLanguage":"es"},{"@type":"Organization","@id":"https:\/\/imoprius.com\/#organization","name":"Imoprius - Investimentos Imobili\u00e1rios","url":"https:\/\/imoprius.com\/","logo":{"@type":"ImageObject","inLanguage":"es","@id":"https:\/\/imoprius.com\/#\/schema\/logo\/image\/","url":"https:\/\/imoprius.com\/wp-content\/uploads\/2024\/09\/android-chrome-192x192-1.png","contentUrl":"https:\/\/imoprius.com\/wp-content\/uploads\/2024\/09\/android-chrome-192x192-1.png","width":192,"height":192,"caption":"Imoprius - Investimentos Imobili\u00e1rios"},"image":{"@id":"https:\/\/imoprius.com\/#\/schema\/logo\/image\/"},"sameAs":["https:\/\/www.facebook.com\/imoprius"]}]}},"_links":{"self":[{"href":"https:\/\/imoprius.com\/es\/wp-json\/wp\/v2\/pages\/19792","targetHints":{"allow":["GET"]}}],"collection":[{"href":"https:\/\/imoprius.com\/es\/wp-json\/wp\/v2\/pages"}],"about":[{"href":"https:\/\/imoprius.com\/es\/wp-json\/wp\/v2\/types\/page"}],"author":[{"embeddable":true,"href":"https:\/\/imoprius.com\/es\/wp-json\/wp\/v2\/users\/2"}],"replies":[{"embeddable":true,"href":"https:\/\/imoprius.com\/es\/wp-json\/wp\/v2\/comments?post=19792"}],"version-history":[{"count":1,"href":"https:\/\/imoprius.com\/es\/wp-json\/wp\/v2\/pages\/19792\/revisions"}],"predecessor-version":[{"id":19794,"href":"https:\/\/imoprius.com\/es\/wp-json\/wp\/v2\/pages\/19792\/revisions\/19794"}],"wp:attachment":[{"href":"https:\/\/imoprius.com\/es\/wp-json\/wp\/v2\/media?parent=19792"}],"curies":[{"name":"wp","href":"https:\/\/api.w.org\/{rel}","templated":true}]}}