{"id":19789,"date":"2024-09-05T13:53:36","date_gmt":"2024-09-05T13:53:36","guid":{"rendered":"https:\/\/imoprius.com\/condiciones-generales\/"},"modified":"2024-09-12T10:02:45","modified_gmt":"2024-09-12T10:02:45","slug":"condiciones-generales","status":"publish","type":"page","link":"https:\/\/imoprius.com\/es\/condiciones-generales\/","title":{"rendered":"Condiciones generales"},"content":{"rendered":"\t\t<div data-elementor-type=\"wp-page\" data-elementor-id=\"19789\" class=\"elementor elementor-19789 elementor-19196\" data-elementor-post-type=\"page\">\n\t\t\t\t<div class=\"elementor-element elementor-element-09e766f e-flex e-con-boxed e-con e-parent\" data-id=\"09e766f\" data-element_type=\"container\">\n\t\t\t\t\t<div class=\"e-con-inner\">\n\t\t\t\t<div class=\"elementor-element elementor-element-c95305c elementor-widget elementor-widget-spacer\" data-id=\"c95305c\" data-element_type=\"widget\" data-widget_type=\"spacer.default\">\n\t\t\t\t<div class=\"elementor-widget-container\">\n\t\t\t<style>\/*! elementor - v3.23.0 - 05-08-2024 *\/\n.elementor-column .elementor-spacer-inner{height:var(--spacer-size)}.e-con{--container-widget-width:100%}.e-con-inner>.elementor-widget-spacer,.e-con>.elementor-widget-spacer{width:var(--container-widget-width,var(--spacer-size));--align-self:var(--container-widget-align-self,initial);--flex-shrink:0}.e-con-inner>.elementor-widget-spacer>.elementor-widget-container,.e-con>.elementor-widget-spacer>.elementor-widget-container{height:100%;width:100%}.e-con-inner>.elementor-widget-spacer>.elementor-widget-container>.elementor-spacer,.e-con>.elementor-widget-spacer>.elementor-widget-container>.elementor-spacer{height:100%}.e-con-inner>.elementor-widget-spacer>.elementor-widget-container>.elementor-spacer>.elementor-spacer-inner,.e-con>.elementor-widget-spacer>.elementor-widget-container>.elementor-spacer>.elementor-spacer-inner{height:var(--container-widget-height,var(--spacer-size))}.e-con-inner>.elementor-widget-spacer.elementor-widget-empty,.e-con>.elementor-widget-spacer.elementor-widget-empty{position:relative;min-height:22px;min-width:22px}.e-con-inner>.elementor-widget-spacer.elementor-widget-empty .elementor-widget-empty-icon,.e-con>.elementor-widget-spacer.elementor-widget-empty .elementor-widget-empty-icon{position:absolute;top:0;bottom:0;left:0;right:0;margin:auto;padding:0;width:22px;height:22px}<\/style>\t\t<div class=\"elementor-spacer\">\n\t\t\t<div class=\"elementor-spacer-inner\"><\/div>\n\t\t<\/div>\n\t\t\t\t<\/div>\n\t\t\t\t<\/div>\n\t\t\t\t<div class=\"elementor-element elementor-element-5fafc3f elementor-widget elementor-widget-heading\" data-id=\"5fafc3f\" data-element_type=\"widget\" data-widget_type=\"heading.default\">\n\t\t\t\t<div class=\"elementor-widget-container\">\n\t\t\t<style>\/*! elementor - v3.23.0 - 05-08-2024 *\/\n.elementor-heading-title{padding:0;margin:0;line-height:1}.elementor-widget-heading .elementor-heading-title[class*=elementor-size-]>a{color:inherit;font-size:inherit;line-height:inherit}.elementor-widget-heading .elementor-heading-title.elementor-size-small{font-size:15px}.elementor-widget-heading .elementor-heading-title.elementor-size-medium{font-size:19px}.elementor-widget-heading .elementor-heading-title.elementor-size-large{font-size:29px}.elementor-widget-heading .elementor-heading-title.elementor-size-xl{font-size:39px}.elementor-widget-heading .elementor-heading-title.elementor-size-xxl{font-size:59px}<\/style><h3 class=\"elementor-heading-title elementor-size-default\">Condiciones generales<\/h3>\t\t<\/div>\n\t\t\t\t<\/div>\n\t\t\t\t\t<\/div>\n\t\t\t\t<\/div>\n\t\t<div class=\"elementor-element elementor-element-ab865b1 e-flex e-con-boxed e-con e-parent\" data-id=\"ab865b1\" data-element_type=\"container\">\n\t\t\t\t\t<div class=\"e-con-inner\">\n\t\t\t\t<div class=\"elementor-element elementor-element-b4a04cd elementor-widget elementor-widget-spacer\" data-id=\"b4a04cd\" data-element_type=\"widget\" data-widget_type=\"spacer.default\">\n\t\t\t\t<div class=\"elementor-widget-container\">\n\t\t\t\t\t<div class=\"elementor-spacer\">\n\t\t\t<div class=\"elementor-spacer-inner\"><\/div>\n\t\t<\/div>\n\t\t\t\t<\/div>\n\t\t\t\t<\/div>\n\t\t\t\t<div class=\"elementor-element elementor-element-624efe9 elementor-widget elementor-widget-text-editor\" data-id=\"624efe9\" data-element_type=\"widget\" data-widget_type=\"text-editor.default\">\n\t\t\t\t<div class=\"elementor-widget-container\">\n\t\t\t<style>\/*! elementor - v3.23.0 - 05-08-2024 *\/\n.elementor-widget-text-editor.elementor-drop-cap-view-stacked .elementor-drop-cap{background-color:#69727d;color:#fff}.elementor-widget-text-editor.elementor-drop-cap-view-framed .elementor-drop-cap{color:#69727d;border:3px solid;background-color:transparent}.elementor-widget-text-editor:not(.elementor-drop-cap-view-default) .elementor-drop-cap{margin-top:8px}.elementor-widget-text-editor:not(.elementor-drop-cap-view-default) .elementor-drop-cap-letter{width:1em;height:1em}.elementor-widget-text-editor .elementor-drop-cap{float:left;text-align:center;line-height:1;font-size:50px}.elementor-widget-text-editor .elementor-drop-cap-letter{display:inline-block}<\/style>\t\t\t\t<p>Nombre de la empresa:<br \/><strong>IMOPRIUS, UNIPESSOAL LDA<br \/><\/strong><br \/><strong>Sede central:<\/strong> Avenida da Rep\u00fablica, n.\u00ba 1<br \/><strong>Distrito:<\/strong> Braga Concelho: Vila Verde Freguesia: Lage<br \/>4730 251 Lage<\/p>\n<p><strong>NIPC:<\/strong> 518 330 346<\/p>\n<p><strong>Tel\u00e9fono:<\/strong> +351 91 330 62 62<br \/><strong>E-mail:<\/strong> <a href=\"mailto:info@imoprius.com\">info@imoprius.com<\/a><\/p>\n<p><strong>1. INTRODUCCI\u00d3N<\/strong><br \/>Las presentes Condiciones Generales de Uso (en adelante, las \u00abCondiciones Generales\u00bb) regulan el acceso y uso del sitio web de Imoprius (en adelante, el \u00abSitio Web\u00bb), as\u00ed como los derechos y obligaciones del usuario y de Imoprius en relaci\u00f3n con el uso del Sitio Web y la presentaci\u00f3n de ofertas de compra y negociaci\u00f3n de inmuebles.<\/p>\n<p>La navegaci\u00f3n por el Sitio Web, as\u00ed como la solicitud de propuestas de compra a Imoprius, implica la aceptaci\u00f3n de los presentes T\u00e9rminos y Condiciones por parte del Usuario.<\/p>\n<p><strong>2. USO DE LOS SITIOS WEB<\/strong><br \/>El Usuario se compromete a utilizar el Sitio Web de Imoprius de conformidad con lo establecido en la ley, absteni\u00e9ndose de realizar cualquier actividad contraria a la ley, a las buenas costumbres o a los derechos de terceros.<\/p>\n<p>Al utilizar los servicios prestados a trav\u00e9s del Sitio Web, el Usuario declara ser mayor de 18 (dieciocho) a\u00f1os y tener capacidad legal para celebrar contratos.<\/p>\n<p>El Usuario se compromete a cumplir y respetar los T\u00e9rminos y Condiciones, en particular:<\/p>\n<ul>\n<li>Abstenerse de introducir, almacenar o difundir mediante el Sitio Web contenidos difamatorios, obscenos, injuriosos, xen\u00f3fobos y\/o de cualquier otra \u00edndole que atenten contra el derecho a la intimidad de la vida privada y familiar o la propiedad intelectual de terceros, as\u00ed como de facilitar cualquier informaci\u00f3n que pueda resultar perjudicial para terceros o para el titular del Sitio Web;<\/li>\n<li>No utilizar identidades falsas;<\/li>\n<li>Facilitar sus datos personales, y en su caso los de terceros, de forma veraz y actualizada para que Imoprius pueda prestarle los servicios solicitados;<\/li>\n<li>Conservar y no divulgar su contrase\u00f1a de acceso al \u00e1rea de clientes para evitar que terceros accedan a su cuenta.<\/li>\n<\/ul>\n<p><strong>Imoprius rechaza cualquier responsabilidad por el retraso o imposibilidad de prestar el servicio solicitado debido a error o insuficiencia de los datos facilitados por el Usuario.<\/strong><\/p>\n<\/p>\n<p><strong>3.SERVICIOS<\/strong><br \/>Descripci\u00f3n de los servicios de Imoprius:<\/p>\n<p>Compra y venta de inmuebles como pisos y chalets en cualquier lugar de Portugal.<br \/>Evaluar y presentar una oferta de compra de una propiedad, donde el tiempo entre la oferta y la firma de la escritura es muy r\u00e1pido y mucho m\u00e1s corto que los tiempos normales del mercado.<\/p>\n<\/p>\n<p><strong>4. PROPIEDAD INTELECTUAL<\/strong><br \/>Todos los textos, comentarios, obras, ilustraciones, trabajos e im\u00e1genes reproducidos o representados en el Sitio Web est\u00e1n debidamente protegidos por derechos de autor y son propiedad de Imoprius. En virtud del C\u00f3digo de Derechos de Autor y Derechos Conexos (CDADC), su utilizaci\u00f3n s\u00f3lo est\u00e1 autorizada con fines privados, sin perjuicio de las disposiciones m\u00e1s restrictivas contenidas en dicho C\u00f3digo. Cualquier reproducci\u00f3n o representaci\u00f3n total o parcial del Sitio Web o de la totalidad o parte de los elementos que lo componen est\u00e1 estrictamente prohibida, so pena de recurrir a los medios legales competentes.  <\/p>\n<p>Las denominaciones sociales, marcas y cualesquiera signos distintivos reproducidos en el Sitio Web est\u00e1n protegidos en virtud de las disposiciones legales aplicables en materia de propiedad industrial y son propiedad de Imoprius. La reproducci\u00f3n o representaci\u00f3n total o parcial de estos signos distintivos est\u00e1 estrictamente prohibida y debe estar sujeta a la autorizaci\u00f3n previa por escrito de Imoprius. <\/p>\n<\/p>\n<p><strong>5. COMUNICACIONES<\/strong><br \/>Mediante la utilizaci\u00f3n del Sitio Web, el usuario acepta expresamente que la comunicaci\u00f3n con Imoprius se realice, a todos los efectos legales, por medios electr\u00f3nicos u otros medios de comunicaci\u00f3n a distancia.<\/p>\n<\/p>\n<p><strong>6. RESPONSABILIDAD Y EXCLUSIONES<\/strong><br \/>Imoprius no se hace responsable de los perjuicios que se pudieran derivar de interferencias, interrupciones, virus inform\u00e1ticos, aver\u00edas o desconexiones en el sistema operativo que impidan temporalmente el acceso, navegaci\u00f3n o la prestaci\u00f3n de servicios al Usuario.<\/p>\n<p>Imoprius no es un intermediario inmobiliario y su actividad se centra en la presentaci\u00f3n o propuesta de compraventa de inmuebles.<\/p>\n<p>Imoprius se esfuerza por garantizar que la informaci\u00f3n contenida en su sitio web sea exacta y est\u00e9 actualizada, y por rectificar cualquier error u omisi\u00f3n lo antes posible cuando se le comunique.<\/p>\n<p>Imoprius declina toda responsabilidad por p\u00e9rdidas o da\u00f1os derivados de la imposibilidad de acceder a su Sitio Web y de cualquier uso del mismo que escape a su control. Esto incluye cualquier p\u00e9rdida de ahorros que espere realizar, servicios, oportunidades de negocio, beneficios o ingresos o cualquier p\u00e9rdida o da\u00f1o que pueda sufrir o incurrir en relaci\u00f3n con el uso del Sitio Web. <\/p>\n<\/p>\n<p><strong>7. REDUCCI\u00d3N<\/strong><\/p>\n<p>La declaraci\u00f3n de invalidez, ilegalidad o ineficacia por parte de una autoridad competente de cualquiera de las disposiciones de las presentes Condiciones Generales no afectar\u00e1 a ninguna de las disposiciones restantes, que seguir\u00e1n en pleno vigor y efecto.<\/p>\n<\/p>\n<p><strong>8. RECLAMACIONES<\/strong><br \/>Cualquier reclamaci\u00f3n relativa a la actividad puede dirigirse a:<\/p>\n<p>A Imoprius, cumplimentando el cuaderno de reclamaciones en formato f\u00edsico disponible en su sede o en formato electr\u00f3nico disponible en <strong><a href=\"https:\/\/www.livroreclamacoes.pt\/Inicio\/\" target=\"_blank\" rel=\"noopener\">www.livroreclamacoes.pt<\/a><\/strong>;<br \/>Cualquiera que sea el canal que utilice para presentar su reclamaci\u00f3n, deber\u00e1 introducir sus datos, identificar debidamente a Imoprius y describir de forma clara y precisa los hechos que justifican la reclamaci\u00f3n.<\/p>\n<\/p>\n<p><strong>9. LEGISLACI\u00d3N APLICABLE Y RESOLUCI\u00d3N ALTERNATIVA DE CONFLICTOS<\/strong><br \/>Los contratos de prestaci\u00f3n de servicios celebrados a trav\u00e9s del Sitio Web se rigen por la legislaci\u00f3n portuguesa.<\/p>\n<p>Cualquier disputa que surja de o en relaci\u00f3n con estos contratos est\u00e1 sujeta a la jurisdicci\u00f3n exclusiva del distrito de Lisboa.<\/p>\n<p>Le informamos de que, de conformidad con el Reglamento 524\/2013 del Parlamento Europeo y del Consejo, de 21 de mayo de 2013, un litigio puede resolverse extrajudicialmente a trav\u00e9s de la plataforma electr\u00f3nica de resoluci\u00f3n de litigios en l\u00ednea en<strong><a href=\"http:\/\/ec.europa.eu\/consumers\/odr\/\" target=\"_blank\" rel=\"noopener\"> http:\/\/ec.europa.eu\/consumers\/odr\/<\/a><\/strong> .<\/p>\n<p>Puede consultar la relaci\u00f3n actualizada de entidades de Resoluci\u00f3n Alternativa de Conflictos disponibles en virtud del art\u00edculo 17 de la Ley 144\/2015, de 8 de septiembre, en el Portal del Consumidor, a trav\u00e9s de la siguiente p\u00e1gina web <strong><a href=\"https:\/\/www.consumidor.gov.pt\/\" target=\"_blank\" rel=\"noopener\">www.consumidor.pt<\/a><\/strong>.<\/p>\n\t\t\t\t\t\t<\/div>\n\t\t\t\t<\/div>\n\t\t\t\t\t<\/div>\n\t\t\t\t<\/div>\n\t\t<div class=\"elementor-element elementor-element-024a3d4 e-flex e-con-boxed e-con e-parent\" data-id=\"024a3d4\" data-element_type=\"container\">\n\t\t\t\t\t<div class=\"e-con-inner\">\n\t\t\t\t<div class=\"elementor-element elementor-element-8b98aa8 elementor-widget elementor-widget-spacer\" data-id=\"8b98aa8\" data-element_type=\"widget\" data-widget_type=\"spacer.default\">\n\t\t\t\t<div class=\"elementor-widget-container\">\n\t\t\t\t\t<div class=\"elementor-spacer\">\n\t\t\t<div class=\"elementor-spacer-inner\"><\/div>\n\t\t<\/div>\n\t\t\t\t<\/div>\n\t\t\t\t<\/div>\n\t\t\t\t\t<\/div>\n\t\t\t\t<\/div>\n\t\t\t\t<\/div>\n\t\t","protected":false},"excerpt":{"rendered":"<p>Condiciones generales Nombre de la empresa:IMOPRIUS, UNIPESSOAL LDASede central: Avenida da Rep\u00fablica, n.\u00ba 1Distrito: Braga Concelho: Vila Verde Freguesia: Lage4730 251 Lage NIPC: 518 330 346 Tel\u00e9fono: +351 91 330 62 62E-mail: info@imoprius.com 1. INTRODUCCI\u00d3NLas presentes Condiciones Generales de Uso (en adelante, las \u00abCondiciones Generales\u00bb) regulan el acceso y uso del sitio web de Imoprius [&hellip;]<\/p>\n","protected":false},"author":2,"featured_media":0,"parent":0,"menu_order":0,"comment_status":"closed","ping_status":"closed","template":"template\/template-homepage.php","meta":{"footnotes":""},"class_list":["post-19789","page","type-page","status-publish","hentry"],"yoast_head":"<!-- This site is optimized with the Yoast SEO Premium plugin v23.2 (Yoast SEO v23.3) - https:\/\/yoast.com\/wordpress\/plugins\/seo\/ -->\n<title>Condiciones generales - Imoprius - inversiones inmobiliarias<\/title>\n<meta name=\"robots\" content=\"index, follow, max-snippet:-1, max-image-preview:large, max-video-preview:-1\" \/>\n<link rel=\"canonical\" href=\"https:\/\/imoprius.com\/es\/condiciones-generales\/\" \/>\n<meta property=\"og:locale\" content=\"es_ES\" \/>\n<meta property=\"og:type\" content=\"article\" \/>\n<meta property=\"og:title\" content=\"Condiciones generales\" \/>\n<meta property=\"og:description\" content=\"Condiciones generales Nombre de la empresa:IMOPRIUS, UNIPESSOAL LDASede central: Avenida da Rep\u00fablica, n.\u00ba 1Distrito: Braga Concelho: Vila Verde Freguesia: Lage4730 251 Lage NIPC: 518 330 346 Tel\u00e9fono: +351 91 330 62 62E-mail: info@imoprius.com 1. INTRODUCCI\u00d3NLas presentes Condiciones Generales de Uso (en adelante, las \u00abCondiciones Generales\u00bb) regulan el acceso y uso del sitio web de Imoprius [&hellip;]\" \/>\n<meta property=\"og:url\" content=\"https:\/\/imoprius.com\/es\/condiciones-generales\/\" \/>\n<meta property=\"og:site_name\" content=\"Imoprius - inversiones inmobiliarias\" \/>\n<meta property=\"article:publisher\" content=\"https:\/\/www.facebook.com\/imoprius\" \/>\n<meta property=\"article:modified_time\" content=\"2024-09-12T10:02:45+00:00\" \/>\n<meta name=\"twitter:card\" content=\"summary_large_image\" \/>\n<meta name=\"twitter:label1\" content=\"Tiempo de lectura\" \/>\n\t<meta name=\"twitter:data1\" content=\"5 minutos\" \/>\n<script type=\"application\/ld+json\" class=\"yoast-schema-graph\">{\"@context\":\"https:\/\/schema.org\",\"@graph\":[{\"@type\":\"WebPage\",\"@id\":\"https:\/\/imoprius.com\/es\/condiciones-generales\/\",\"url\":\"https:\/\/imoprius.com\/es\/condiciones-generales\/\",\"name\":\"Condiciones generales - Imoprius - inversiones inmobiliarias\",\"isPartOf\":{\"@id\":\"https:\/\/imoprius.com\/#website\"},\"datePublished\":\"2024-09-05T13:53:36+00:00\",\"dateModified\":\"2024-09-12T10:02:45+00:00\",\"breadcrumb\":{\"@id\":\"https:\/\/imoprius.com\/es\/condiciones-generales\/#breadcrumb\"},\"inLanguage\":\"es\",\"potentialAction\":[{\"@type\":\"ReadAction\",\"target\":[\"https:\/\/imoprius.com\/es\/condiciones-generales\/\"]}]},{\"@type\":\"BreadcrumbList\",\"@id\":\"https:\/\/imoprius.com\/es\/condiciones-generales\/#breadcrumb\",\"itemListElement\":[{\"@type\":\"ListItem\",\"position\":1,\"name\":\"In\u00edcio\",\"item\":\"https:\/\/imoprius.com\/es\/pagina-de-inicio\/\"},{\"@type\":\"ListItem\",\"position\":2,\"name\":\"Condiciones generales\"}]},{\"@type\":\"WebSite\",\"@id\":\"https:\/\/imoprius.com\/#website\",\"url\":\"https:\/\/imoprius.com\/\",\"name\":\"Imoprius - Investimentos Imobili\u00e1rios\",\"description\":\"En Imoprius compramos su inmueble en pocos d\u00edas, garantizando un proceso simple y sin complicaciones. Evaluaci\u00f3n gratuita. \u00a1Cont\u00e1ctenos ya!\",\"publisher\":{\"@id\":\"https:\/\/imoprius.com\/#organization\"},\"potentialAction\":[{\"@type\":\"SearchAction\",\"target\":{\"@type\":\"EntryPoint\",\"urlTemplate\":\"https:\/\/imoprius.com\/?s={search_term_string}\"},\"query-input\":\"required name=search_term_string\"}],\"inLanguage\":\"es\"},{\"@type\":\"Organization\",\"@id\":\"https:\/\/imoprius.com\/#organization\",\"name\":\"Imoprius - Investimentos Imobili\u00e1rios\",\"url\":\"https:\/\/imoprius.com\/\",\"logo\":{\"@type\":\"ImageObject\",\"inLanguage\":\"es\",\"@id\":\"https:\/\/imoprius.com\/#\/schema\/logo\/image\/\",\"url\":\"https:\/\/imoprius.com\/wp-content\/uploads\/2024\/09\/android-chrome-192x192-1.png\",\"contentUrl\":\"https:\/\/imoprius.com\/wp-content\/uploads\/2024\/09\/android-chrome-192x192-1.png\",\"width\":192,\"height\":192,\"caption\":\"Imoprius - Investimentos Imobili\u00e1rios\"},\"image\":{\"@id\":\"https:\/\/imoprius.com\/#\/schema\/logo\/image\/\"},\"sameAs\":[\"https:\/\/www.facebook.com\/imoprius\"]}]}<\/script>\n<!-- \/ Yoast SEO Premium plugin. -->","yoast_head_json":{"title":"Condiciones generales - Imoprius - inversiones inmobiliarias","robots":{"index":"index","follow":"follow","max-snippet":"max-snippet:-1","max-image-preview":"max-image-preview:large","max-video-preview":"max-video-preview:-1"},"canonical":"https:\/\/imoprius.com\/es\/condiciones-generales\/","og_locale":"es_ES","og_type":"article","og_title":"Condiciones generales","og_description":"Condiciones generales Nombre de la empresa:IMOPRIUS, UNIPESSOAL LDASede central: Avenida da Rep\u00fablica, n.\u00ba 1Distrito: Braga Concelho: Vila Verde Freguesia: Lage4730 251 Lage NIPC: 518 330 346 Tel\u00e9fono: +351 91 330 62 62E-mail: info@imoprius.com 1. INTRODUCCI\u00d3NLas presentes Condiciones Generales de Uso (en adelante, las \u00abCondiciones Generales\u00bb) regulan el acceso y uso del sitio web de Imoprius [&hellip;]","og_url":"https:\/\/imoprius.com\/es\/condiciones-generales\/","og_site_name":"Imoprius - inversiones inmobiliarias","article_publisher":"https:\/\/www.facebook.com\/imoprius","article_modified_time":"2024-09-12T10:02:45+00:00","twitter_card":"summary_large_image","twitter_misc":{"Tiempo de lectura":"5 minutos"},"schema":{"@context":"https:\/\/schema.org","@graph":[{"@type":"WebPage","@id":"https:\/\/imoprius.com\/es\/condiciones-generales\/","url":"https:\/\/imoprius.com\/es\/condiciones-generales\/","name":"Condiciones generales - Imoprius - inversiones inmobiliarias","isPartOf":{"@id":"https:\/\/imoprius.com\/#website"},"datePublished":"2024-09-05T13:53:36+00:00","dateModified":"2024-09-12T10:02:45+00:00","breadcrumb":{"@id":"https:\/\/imoprius.com\/es\/condiciones-generales\/#breadcrumb"},"inLanguage":"es","potentialAction":[{"@type":"ReadAction","target":["https:\/\/imoprius.com\/es\/condiciones-generales\/"]}]},{"@type":"BreadcrumbList","@id":"https:\/\/imoprius.com\/es\/condiciones-generales\/#breadcrumb","itemListElement":[{"@type":"ListItem","position":1,"name":"In\u00edcio","item":"https:\/\/imoprius.com\/es\/pagina-de-inicio\/"},{"@type":"ListItem","position":2,"name":"Condiciones generales"}]},{"@type":"WebSite","@id":"https:\/\/imoprius.com\/#website","url":"https:\/\/imoprius.com\/","name":"Imoprius - Investimentos Imobili\u00e1rios","description":"En Imoprius compramos su inmueble en pocos d\u00edas, garantizando un proceso simple y sin complicaciones. Evaluaci\u00f3n gratuita. \u00a1Cont\u00e1ctenos ya!","publisher":{"@id":"https:\/\/imoprius.com\/#organization"},"potentialAction":[{"@type":"SearchAction","target":{"@type":"EntryPoint","urlTemplate":"https:\/\/imoprius.com\/?s={search_term_string}"},"query-input":"required name=search_term_string"}],"inLanguage":"es"},{"@type":"Organization","@id":"https:\/\/imoprius.com\/#organization","name":"Imoprius - Investimentos Imobili\u00e1rios","url":"https:\/\/imoprius.com\/","logo":{"@type":"ImageObject","inLanguage":"es","@id":"https:\/\/imoprius.com\/#\/schema\/logo\/image\/","url":"https:\/\/imoprius.com\/wp-content\/uploads\/2024\/09\/android-chrome-192x192-1.png","contentUrl":"https:\/\/imoprius.com\/wp-content\/uploads\/2024\/09\/android-chrome-192x192-1.png","width":192,"height":192,"caption":"Imoprius - Investimentos Imobili\u00e1rios"},"image":{"@id":"https:\/\/imoprius.com\/#\/schema\/logo\/image\/"},"sameAs":["https:\/\/www.facebook.com\/imoprius"]}]}},"_links":{"self":[{"href":"https:\/\/imoprius.com\/es\/wp-json\/wp\/v2\/pages\/19789","targetHints":{"allow":["GET"]}}],"collection":[{"href":"https:\/\/imoprius.com\/es\/wp-json\/wp\/v2\/pages"}],"about":[{"href":"https:\/\/imoprius.com\/es\/wp-json\/wp\/v2\/types\/page"}],"author":[{"embeddable":true,"href":"https:\/\/imoprius.com\/es\/wp-json\/wp\/v2\/users\/2"}],"replies":[{"embeddable":true,"href":"https:\/\/imoprius.com\/es\/wp-json\/wp\/v2\/comments?post=19789"}],"version-history":[{"count":1,"href":"https:\/\/imoprius.com\/es\/wp-json\/wp\/v2\/pages\/19789\/revisions"}],"predecessor-version":[{"id":19791,"href":"https:\/\/imoprius.com\/es\/wp-json\/wp\/v2\/pages\/19789\/revisions\/19791"}],"wp:attachment":[{"href":"https:\/\/imoprius.com\/es\/wp-json\/wp\/v2\/media?parent=19789"}],"curies":[{"name":"wp","href":"https:\/\/api.w.org\/{rel}","templated":true}]}}