{"id":19766,"date":"2020-09-10T14:43:11","date_gmt":"2020-09-10T14:43:11","guid":{"rendered":"https:\/\/imoprius.com\/contacta-con-nosotros\/"},"modified":"2024-09-11T15:43:31","modified_gmt":"2024-09-11T15:43:31","slug":"contacta-con-nosotros","status":"publish","type":"page","link":"https:\/\/imoprius.com\/es\/contacta-con-nosotros\/","title":{"rendered":"Contacta con nosotros"},"content":{"rendered":"\t\t<div data-elementor-type=\"wp-page\" data-elementor-id=\"19766\" class=\"elementor elementor-19766 elementor-24\" data-elementor-post-type=\"page\">\n\t\t\t\t\t\t<section class=\"elementor-section elementor-top-section elementor-element elementor-element-b80851c elementor-section-height-min-height elementor-section-boxed elementor-section-height-default elementor-section-items-middle\" data-id=\"b80851c\" data-element_type=\"section\" data-settings=\"{&quot;background_background&quot;:&quot;classic&quot;,&quot;shape_divider_bottom&quot;:&quot;triangle-asymmetrical&quot;,&quot;shape_divider_bottom_negative&quot;:&quot;yes&quot;}\">\n\t\t\t\t\t\t\t<div class=\"elementor-background-overlay\"><\/div>\n\t\t\t\t\t\t<div class=\"elementor-shape elementor-shape-bottom\" data-negative=\"true\">\n\t\t\t<svg xmlns=\"http:\/\/www.w3.org\/2000\/svg\" viewBox=\"0 0 1000 100\" preserveAspectRatio=\"none\">\n\t<path class=\"elementor-shape-fill\" d=\"M737.9,94.7L0,0v100h1000V0L737.9,94.7z\"\/>\n<\/svg>\t\t<\/div>\n\t\t\t\t\t<div class=\"elementor-container elementor-column-gap-default\">\n\t\t\t\t\t<div class=\"elementor-column elementor-col-50 elementor-top-column elementor-element elementor-element-10cd9e8\" data-id=\"10cd9e8\" data-element_type=\"column\">\n\t\t\t<div class=\"elementor-widget-wrap elementor-element-populated\">\n\t\t\t\t\t\t<div class=\"elementor-element elementor-element-8dedb24 elementor-invisible elementor-widget elementor-widget-heading\" data-id=\"8dedb24\" data-element_type=\"widget\" data-settings=\"{&quot;_animation&quot;:&quot;fadeIn&quot;}\" data-widget_type=\"heading.default\">\n\t\t\t\t<div class=\"elementor-widget-container\">\n\t\t\t<style>\/*! elementor - v3.23.0 - 05-08-2024 *\/\n.elementor-heading-title{padding:0;margin:0;line-height:1}.elementor-widget-heading .elementor-heading-title[class*=elementor-size-]>a{color:inherit;font-size:inherit;line-height:inherit}.elementor-widget-heading .elementor-heading-title.elementor-size-small{font-size:15px}.elementor-widget-heading .elementor-heading-title.elementor-size-medium{font-size:19px}.elementor-widget-heading .elementor-heading-title.elementor-size-large{font-size:29px}.elementor-widget-heading .elementor-heading-title.elementor-size-xl{font-size:39px}.elementor-widget-heading .elementor-heading-title.elementor-size-xxl{font-size:59px}<\/style><h1 class=\"elementor-heading-title elementor-size-default\">\u00bfC\u00f3mo podemos ayudar?<\/h1>\t\t<\/div>\n\t\t\t\t<\/div>\n\t\t\t\t\t<\/div>\n\t\t<\/div>\n\t\t\t\t<div class=\"elementor-column elementor-col-50 elementor-top-column elementor-element elementor-element-cf2687e\" data-id=\"cf2687e\" data-element_type=\"column\">\n\t\t\t<div class=\"elementor-widget-wrap\">\n\t\t\t\t\t\t\t<\/div>\n\t\t<\/div>\n\t\t\t\t\t<\/div>\n\t\t<\/section>\n\t\t<div class=\"elementor-element elementor-element-063b37b e-flex e-con-boxed e-con e-parent\" data-id=\"063b37b\" data-element_type=\"container\">\n\t\t\t\t\t<div class=\"e-con-inner\">\n\t\t<div class=\"elementor-element elementor-element-35f7069 e-con-full e-flex e-con e-child\" data-id=\"35f7069\" data-element_type=\"container\">\n\t\t\t\t<div class=\"elementor-element elementor-element-bb100c2 elementor-widget elementor-widget-spacer\" data-id=\"bb100c2\" data-element_type=\"widget\" data-widget_type=\"spacer.default\">\n\t\t\t\t<div class=\"elementor-widget-container\">\n\t\t\t<style>\/*! elementor - v3.23.0 - 05-08-2024 *\/\n.elementor-column .elementor-spacer-inner{height:var(--spacer-size)}.e-con{--container-widget-width:100%}.e-con-inner>.elementor-widget-spacer,.e-con>.elementor-widget-spacer{width:var(--container-widget-width,var(--spacer-size));--align-self:var(--container-widget-align-self,initial);--flex-shrink:0}.e-con-inner>.elementor-widget-spacer>.elementor-widget-container,.e-con>.elementor-widget-spacer>.elementor-widget-container{height:100%;width:100%}.e-con-inner>.elementor-widget-spacer>.elementor-widget-container>.elementor-spacer,.e-con>.elementor-widget-spacer>.elementor-widget-container>.elementor-spacer{height:100%}.e-con-inner>.elementor-widget-spacer>.elementor-widget-container>.elementor-spacer>.elementor-spacer-inner,.e-con>.elementor-widget-spacer>.elementor-widget-container>.elementor-spacer>.elementor-spacer-inner{height:var(--container-widget-height,var(--spacer-size))}.e-con-inner>.elementor-widget-spacer.elementor-widget-empty,.e-con>.elementor-widget-spacer.elementor-widget-empty{position:relative;min-height:22px;min-width:22px}.e-con-inner>.elementor-widget-spacer.elementor-widget-empty .elementor-widget-empty-icon,.e-con>.elementor-widget-spacer.elementor-widget-empty .elementor-widget-empty-icon{position:absolute;top:0;bottom:0;left:0;right:0;margin:auto;padding:0;width:22px;height:22px}<\/style>\t\t<div class=\"elementor-spacer\">\n\t\t\t<div class=\"elementor-spacer-inner\"><\/div>\n\t\t<\/div>\n\t\t\t\t<\/div>\n\t\t\t\t<\/div>\n\t\t\t\t<div class=\"elementor-element elementor-element-7887658 elementor-widget elementor-widget-heading\" data-id=\"7887658\" data-element_type=\"widget\" data-widget_type=\"heading.default\">\n\t\t\t\t<div class=\"elementor-widget-container\">\n\t\t\t<h2 class=\"elementor-heading-title elementor-size-default\">D\u00e9janos un mensaje.<br><br>Nos pondremos en contacto contigo lo antes posible. \u00a1Gracias!<\/h2>\t\t<\/div>\n\t\t\t\t<\/div>\n\t\t\t\t<div class=\"elementor-element elementor-element-7847ecf elementor-button-align-stretch elementor-widget elementor-widget-houzez_elementor_contact_form\" data-id=\"7847ecf\" data-element_type=\"widget\" data-widget_type=\"houzez_elementor_contact_form.default\">\n\t\t\t\t<div class=\"elementor-widget-container\">\n\t\t\t\n        <script type=\"application\/javascript\">\n            jQuery(document).bind(\"ready\", function () {\n                houzezValidateElementor(\"#houzez-form-7847ecf\" );\n            });\n        <\/script>\n\n        <form class=\"elementor-form\" id=\"houzez-form-7847ecf\" method=\"post\" name=\"Nuevo formulario\" action=\"https:\/\/imoprius.com\/wp-admin\/admin-ajax.php\">\n            <input type=\"hidden\" name=\"form_id\" value=\"7847ecf\"\/>\n            <input type=\"hidden\" name=\"houzez_contact_form\" value=\"yes\"\/>\n            <input type=\"hidden\" name=\"action\" value=\"houzez_ele_contact_form\" \/>\n            <input type=\"hidden\" name=\"source_link\" value=\"https:\/\/imoprius.com\/es\/contacta-con-nosotros\/\" \/>\n            <input type=\"hidden\" name=\"lead_page_id\" value=\"19766\" \/>\n            <input type=\"hidden\" name=\"email_to\" value=\"info@lunyvan.com\" \/>\n            <input type=\"hidden\" name=\"email_subject\" value=\"New message from &quot;Lunyvan Investimentos Imobili\u00e1rios&quot;\" \/>\n            <input type=\"hidden\" name=\"email_to_cc\" value=\"\" \/>\n            <input type=\"hidden\" name=\"email_to_bcc\" value=\"\" \/>\n            <input type=\"hidden\" name=\"webhook\" value=\"false\" \/>\n            <input type=\"hidden\" name=\"webhook_url\" value=\"\" \/>\n            <input type=\"hidden\" name=\"redirect_to\" value=\"\" \/>\n            <input type=\"hidden\" name=\"google_recaptcha\" value=\"yes\" \/>\n            \n\n            <div class=\"elementor-form-fields-wrapper elementor-labels-above\">\n\n                                    <div class=\"elementor-field-group elementor-column form-group elementor-field-group-name elementor-col-100\">\n                    <label for=\"form-field-name\" class=\"elementor-field-label\">Tus datos personales<\/label><input type=\"text\" name=\"name\" id=\"form-field-name\" class=\"elementor-field form-control elementor-size-md elementor-field-textual\" placeholder=\"Nombre y apellidos\" title=\"* Tus datos personales\">                    <\/div>\n\n                                        <div class=\"elementor-field-group elementor-column form-group elementor-field-group-email elementor-col-50 elementor-md-100 elementor-field-required\">\n                    <input type=\"email\" name=\"email\" id=\"form-field-email\" class=\"elementor-field form-control elementor-size-md elementor-field-textual\" placeholder=\"Env\u00eda un correo electr\u00f3nico a\" title=\"* Env\u00eda un correo electr\u00f3nico a\" required=\"required\">                    <\/div>\n\n                                        <div class=\"elementor-field-group elementor-column form-group elementor-field-group-47b3fcb elementor-col-50 elementor-md-100\">\n                    <input type=\"text\" name=\"mobile\" id=\"form-field-47b3fcb\" class=\"elementor-field form-control elementor-size-md elementor-field-textual\" placeholder=\"Tel\u00e9fono m\u00f3vil\" title=\"* Tel\u00e9fono m\u00f3vil\">                    <\/div>\n\n                                        <div class=\"elementor-field-group elementor-column form-group elementor-field-group-message elementor-col-100\">\n                    <label for=\"form-field-message\" class=\"elementor-field-label\">Mensaje<\/label><textarea class=\"elementor-field-textual elementor-field elementor-size-md\" name=\"message\" id=\"form-field-message\" rows=\"4\" placeholder=\"Mensaje\"><\/textarea>                    <\/div>\n\n                    \n                                        <div class=\"houzez-gdpr-agreement elementor-field-group elementor-col-100\">\n                        <label for=\"gdpr_agreement\" class=\"elementor-field-label\">Pol\u00edtica de privacidad T\u00e9rminos y condiciones<\/label>\n                        <div class=\"gdpr-agreement-subgroup\">\n                            <span class=\"gdpr-field-option\">\n                                <label class=\"gdpr-text\" for=\"gdpr_agreement\">\n                                    <input required type=\"checkbox\" name=\"gdpr_agreement\" id=\"gdpr_agreement\" title=\"* Pol\u00edtica de privacidad T\u00e9rminos y condiciones\">    (al aceptar los t\u00e9rminos de la Pol\u00edtica de Privacidad, tus datos personales recogidos ser\u00e1n tratados con tu consentimiento, a efectos de contacto e informaci\u00f3n sobre los servicios).                                  <\/label>\n                            <\/span>\n                        <\/div>             \n                    <\/div>\n                    \n                                        <div class=\"\">\n                        <div class=\"form-group captcha_wrapper houzez-grecaptcha-v3\">\n    <div class=\"houzez_google_reCaptcha\"><\/div>\n<\/div>\n                    <\/div>\n                    \n                    <div class=\"elementor-field-group elementor-column elementor-field-type-submit elementor-col-100\">\n                    <button type=\"submit\" class=\"houzez-submit-button houzez-contact-form-js elementor-button elementor-size-md\">\n                        <i class=\"btn-loader houzez-loader-js\"><\/i>\n                                                    ENVIAR                                            <\/button>\n                <\/div>\n            <\/div><!-- End wrapper-->\n            <br\/>\n            <div class=\"ele-form-messages\"><\/div>\n            <div class=\"error-container\"><\/div>\n\n        <\/form>\n\n    \t\t<\/div>\n\t\t\t\t<\/div>\n\t\t\t\t<\/div>\n\t\t<div class=\"elementor-element elementor-element-2b90763 e-con-full e-flex e-con e-child\" data-id=\"2b90763\" data-element_type=\"container\">\n\t\t\t\t<div class=\"elementor-element elementor-element-84d8201 elementor-widget elementor-widget-spacer\" data-id=\"84d8201\" data-element_type=\"widget\" data-widget_type=\"spacer.default\">\n\t\t\t\t<div class=\"elementor-widget-container\">\n\t\t\t\t\t<div class=\"elementor-spacer\">\n\t\t\t<div class=\"elementor-spacer-inner\"><\/div>\n\t\t<\/div>\n\t\t\t\t<\/div>\n\t\t\t\t<\/div>\n\t\t<div class=\"elementor-element elementor-element-106f854 e-con-full e-flex e-con e-child\" data-id=\"106f854\" data-element_type=\"container\">\n\t\t\t\t<div class=\"elementor-element elementor-element-defd815 elementor-widget elementor-widget-houzez_elementor_section_title\" data-id=\"defd815\" data-element_type=\"widget\" data-widget_type=\"houzez_elementor_section_title.default\">\n\t\t\t\t<div class=\"elementor-widget-container\">\n\t\t\t            <div class=\"houzez_section_title_wrap section-title-module\">\n                                    <h2 class=\"houzez_section_title\">IMOPRIUS UNIP.\nLDA <\/h2>\n                \n                                    <p class=\"houzez_section_subtitle\">Av. da Rep\u00fablica 1<br> 4730-251 Lage - Vila Verde \n<br><br><br>M<b>\u00f3vil<\/b><br> [+351] 962 252 755<br><span style=\"font-size: 12px;\">(Llama a la red m\u00f3vil nacional)<br><\/span><b>Correo electr\u00f3nico<\/b> <br><a href=\"mailto:info@imoprius.com\"><a href=\"mailto:info@imoprius.com\">info@imoprius.com<\/a><\/a>\n<\/p>\n                            <\/div>\n            \t\t<\/div>\n\t\t\t\t<\/div>\n\t\t\t\t<\/div>\n\t\t\t\t<div class=\"elementor-element elementor-element-51ad406 elementor-widget elementor-widget-google_maps\" data-id=\"51ad406\" data-element_type=\"widget\" data-widget_type=\"google_maps.default\">\n\t\t\t\t<div class=\"elementor-widget-container\">\n\t\t\t<style>\/*! elementor - v3.23.0 - 05-08-2024 *\/\n.elementor-widget-google_maps .elementor-widget-container{overflow:hidden}.elementor-widget-google_maps .elementor-custom-embed{line-height:0}.elementor-widget-google_maps iframe{height:300px}<\/style>\t\t<div class=\"elementor-custom-embed\">\n\t\t\t<iframe loading=\"lazy\"\n\t\t\t\t\tsrc=\"https:\/\/maps.google.com\/maps?q=IMOPRIUS%20braga&#038;t=m&#038;z=17&#038;output=embed&#038;iwloc=near\"\n\t\t\t\t\ttitle=\"IMOPRIUS braga\"\n\t\t\t\t\taria-label=\"IMOPRIUS braga\"\n\t\t\t><\/iframe>\n\t\t<\/div>\n\t\t\t\t<\/div>\n\t\t\t\t<\/div>\n\t\t\t\t<\/div>\n\t\t\t\t\t<\/div>\n\t\t\t\t<\/div>\n\t\t<div class=\"elementor-element elementor-element-da4e55e e-flex e-con-boxed e-con e-parent\" data-id=\"da4e55e\" data-element_type=\"container\">\n\t\t\t\t\t<div class=\"e-con-inner\">\n\t\t\t\t<div class=\"elementor-element elementor-element-9e2a718 elementor-widget elementor-widget-spacer\" data-id=\"9e2a718\" data-element_type=\"widget\" data-widget_type=\"spacer.default\">\n\t\t\t\t<div class=\"elementor-widget-container\">\n\t\t\t\t\t<div class=\"elementor-spacer\">\n\t\t\t<div class=\"elementor-spacer-inner\"><\/div>\n\t\t<\/div>\n\t\t\t\t<\/div>\n\t\t\t\t<\/div>\n\t\t\t\t\t<\/div>\n\t\t\t\t<\/div>\n\t\t<div class=\"elementor-element elementor-element-d051b96 e-flex e-con-boxed e-con e-parent\" data-id=\"d051b96\" data-element_type=\"container\" data-settings=\"{&quot;background_background&quot;:&quot;gradient&quot;,&quot;shape_divider_top&quot;:&quot;triangle-asymmetrical&quot;}\">\n\t\t\t\t\t<div class=\"e-con-inner\">\n\t\t\t\t<div class=\"elementor-shape elementor-shape-top\" data-negative=\"false\">\n\t\t\t<svg xmlns=\"http:\/\/www.w3.org\/2000\/svg\" viewBox=\"0 0 1000 100\" preserveAspectRatio=\"none\">\n\t<path class=\"elementor-shape-fill\" d=\"M738,99l262-93V0H0v5.6L738,99z\"\/>\n<\/svg>\t\t<\/div>\n\t\t\t\t\t<\/div>\n\t\t\t\t<\/div>\n\t\t\t\t<\/div>\n\t\t","protected":false},"excerpt":{"rendered":"<p>\u00bfC\u00f3mo podemos ayudar? D\u00e9janos un mensaje. Nos pondremos en contacto contigo lo antes posible. \u00a1Gracias! Tus datos personales Mensaje Pol\u00edtica de privacidad T\u00e9rminos y condiciones (al aceptar los t\u00e9rminos de la Pol\u00edtica de Privacidad, tus datos personales recogidos ser\u00e1n tratados con tu consentimiento, a efectos de contacto e informaci\u00f3n sobre los servicios). ENVIAR IMOPRIUS UNIP. [&hellip;]<\/p>\n","protected":false},"author":1,"featured_media":0,"parent":0,"menu_order":0,"comment_status":"closed","ping_status":"closed","template":"template\/template-homepage.php","meta":{"footnotes":""},"class_list":["post-19766","page","type-page","status-publish","hentry"],"yoast_head":"<!-- This site is optimized with the Yoast SEO Premium plugin v23.2 (Yoast SEO v23.3) - https:\/\/yoast.com\/wordpress\/plugins\/seo\/ -->\n<title>Contacta con nosotros - Imoprius - inversiones inmobiliarias<\/title>\n<meta name=\"robots\" content=\"index, follow, max-snippet:-1, max-image-preview:large, max-video-preview:-1\" \/>\n<link rel=\"canonical\" href=\"https:\/\/imoprius.com\/contact-us\/\" \/>\n<meta property=\"og:locale\" content=\"es_ES\" \/>\n<meta property=\"og:type\" content=\"article\" \/>\n<meta property=\"og:title\" content=\"Contacta con nosotros\" \/>\n<meta property=\"og:description\" content=\"\u00bfC\u00f3mo podemos ayudar? D\u00e9janos un mensaje. Nos pondremos en contacto contigo lo antes posible. \u00a1Gracias! Tus datos personales Mensaje Pol\u00edtica de privacidad T\u00e9rminos y condiciones (al aceptar los t\u00e9rminos de la Pol\u00edtica de Privacidad, tus datos personales recogidos ser\u00e1n tratados con tu consentimiento, a efectos de contacto e informaci\u00f3n sobre los servicios). ENVIAR IMOPRIUS UNIP. [&hellip;]\" \/>\n<meta property=\"og:url\" content=\"https:\/\/imoprius.com\/contact-us\/\" \/>\n<meta property=\"og:site_name\" content=\"Imoprius - inversiones inmobiliarias\" \/>\n<meta property=\"article:publisher\" content=\"https:\/\/www.facebook.com\/imoprius\" \/>\n<meta property=\"article:modified_time\" content=\"2024-09-11T15:43:31+00:00\" \/>\n<meta name=\"twitter:card\" content=\"summary_large_image\" \/>\n<meta name=\"twitter:label1\" content=\"Tiempo de lectura\" \/>\n\t<meta name=\"twitter:data1\" content=\"1 minuto\" \/>\n<script type=\"application\/ld+json\" class=\"yoast-schema-graph\">{\"@context\":\"https:\/\/schema.org\",\"@graph\":[{\"@type\":\"WebPage\",\"@id\":\"https:\/\/imoprius.com\/contact-us\/\",\"url\":\"https:\/\/imoprius.com\/contact-us\/\",\"name\":\"Contacta con nosotros - Imoprius - inversiones inmobiliarias\",\"isPartOf\":{\"@id\":\"https:\/\/imoprius.com\/#website\"},\"datePublished\":\"2020-09-10T14:43:11+00:00\",\"dateModified\":\"2024-09-11T15:43:31+00:00\",\"breadcrumb\":{\"@id\":\"https:\/\/imoprius.com\/contact-us\/#breadcrumb\"},\"inLanguage\":\"es\",\"potentialAction\":[{\"@type\":\"ReadAction\",\"target\":[\"https:\/\/imoprius.com\/contact-us\/\"]}]},{\"@type\":\"BreadcrumbList\",\"@id\":\"https:\/\/imoprius.com\/contact-us\/#breadcrumb\",\"itemListElement\":[{\"@type\":\"ListItem\",\"position\":1,\"name\":\"In\u00edcio\",\"item\":\"https:\/\/imoprius.com\/es\/pagina-de-inicio\/\"},{\"@type\":\"ListItem\",\"position\":2,\"name\":\"Contacta con nosotros\"}]},{\"@type\":\"WebSite\",\"@id\":\"https:\/\/imoprius.com\/#website\",\"url\":\"https:\/\/imoprius.com\/\",\"name\":\"Imoprius - Investimentos Imobili\u00e1rios\",\"description\":\"En Imoprius compramos su inmueble en pocos d\u00edas, garantizando un proceso simple y sin complicaciones. Evaluaci\u00f3n gratuita. \u00a1Cont\u00e1ctenos ya!\",\"publisher\":{\"@id\":\"https:\/\/imoprius.com\/#organization\"},\"potentialAction\":[{\"@type\":\"SearchAction\",\"target\":{\"@type\":\"EntryPoint\",\"urlTemplate\":\"https:\/\/imoprius.com\/?s={search_term_string}\"},\"query-input\":\"required name=search_term_string\"}],\"inLanguage\":\"es\"},{\"@type\":\"Organization\",\"@id\":\"https:\/\/imoprius.com\/#organization\",\"name\":\"Imoprius - Investimentos Imobili\u00e1rios\",\"url\":\"https:\/\/imoprius.com\/\",\"logo\":{\"@type\":\"ImageObject\",\"inLanguage\":\"es\",\"@id\":\"https:\/\/imoprius.com\/#\/schema\/logo\/image\/\",\"url\":\"https:\/\/imoprius.com\/wp-content\/uploads\/2024\/09\/android-chrome-192x192-1.png\",\"contentUrl\":\"https:\/\/imoprius.com\/wp-content\/uploads\/2024\/09\/android-chrome-192x192-1.png\",\"width\":192,\"height\":192,\"caption\":\"Imoprius - Investimentos Imobili\u00e1rios\"},\"image\":{\"@id\":\"https:\/\/imoprius.com\/#\/schema\/logo\/image\/\"},\"sameAs\":[\"https:\/\/www.facebook.com\/imoprius\"]}]}<\/script>\n<!-- \/ Yoast SEO Premium plugin. -->","yoast_head_json":{"title":"Contacta con nosotros - Imoprius - inversiones inmobiliarias","robots":{"index":"index","follow":"follow","max-snippet":"max-snippet:-1","max-image-preview":"max-image-preview:large","max-video-preview":"max-video-preview:-1"},"canonical":"https:\/\/imoprius.com\/contact-us\/","og_locale":"es_ES","og_type":"article","og_title":"Contacta con nosotros","og_description":"\u00bfC\u00f3mo podemos ayudar? D\u00e9janos un mensaje. Nos pondremos en contacto contigo lo antes posible. \u00a1Gracias! Tus datos personales Mensaje Pol\u00edtica de privacidad T\u00e9rminos y condiciones (al aceptar los t\u00e9rminos de la Pol\u00edtica de Privacidad, tus datos personales recogidos ser\u00e1n tratados con tu consentimiento, a efectos de contacto e informaci\u00f3n sobre los servicios). ENVIAR IMOPRIUS UNIP. [&hellip;]","og_url":"https:\/\/imoprius.com\/contact-us\/","og_site_name":"Imoprius - inversiones inmobiliarias","article_publisher":"https:\/\/www.facebook.com\/imoprius","article_modified_time":"2024-09-11T15:43:31+00:00","twitter_card":"summary_large_image","twitter_misc":{"Tiempo de lectura":"1 minuto"},"schema":{"@context":"https:\/\/schema.org","@graph":[{"@type":"WebPage","@id":"https:\/\/imoprius.com\/contact-us\/","url":"https:\/\/imoprius.com\/contact-us\/","name":"Contacta con nosotros - Imoprius - inversiones inmobiliarias","isPartOf":{"@id":"https:\/\/imoprius.com\/#website"},"datePublished":"2020-09-10T14:43:11+00:00","dateModified":"2024-09-11T15:43:31+00:00","breadcrumb":{"@id":"https:\/\/imoprius.com\/contact-us\/#breadcrumb"},"inLanguage":"es","potentialAction":[{"@type":"ReadAction","target":["https:\/\/imoprius.com\/contact-us\/"]}]},{"@type":"BreadcrumbList","@id":"https:\/\/imoprius.com\/contact-us\/#breadcrumb","itemListElement":[{"@type":"ListItem","position":1,"name":"In\u00edcio","item":"https:\/\/imoprius.com\/es\/pagina-de-inicio\/"},{"@type":"ListItem","position":2,"name":"Contacta con nosotros"}]},{"@type":"WebSite","@id":"https:\/\/imoprius.com\/#website","url":"https:\/\/imoprius.com\/","name":"Imoprius - Investimentos Imobili\u00e1rios","description":"En Imoprius compramos su inmueble en pocos d\u00edas, garantizando un proceso simple y sin complicaciones. Evaluaci\u00f3n gratuita. \u00a1Cont\u00e1ctenos ya!","publisher":{"@id":"https:\/\/imoprius.com\/#organization"},"potentialAction":[{"@type":"SearchAction","target":{"@type":"EntryPoint","urlTemplate":"https:\/\/imoprius.com\/?s={search_term_string}"},"query-input":"required name=search_term_string"}],"inLanguage":"es"},{"@type":"Organization","@id":"https:\/\/imoprius.com\/#organization","name":"Imoprius - Investimentos Imobili\u00e1rios","url":"https:\/\/imoprius.com\/","logo":{"@type":"ImageObject","inLanguage":"es","@id":"https:\/\/imoprius.com\/#\/schema\/logo\/image\/","url":"https:\/\/imoprius.com\/wp-content\/uploads\/2024\/09\/android-chrome-192x192-1.png","contentUrl":"https:\/\/imoprius.com\/wp-content\/uploads\/2024\/09\/android-chrome-192x192-1.png","width":192,"height":192,"caption":"Imoprius - Investimentos Imobili\u00e1rios"},"image":{"@id":"https:\/\/imoprius.com\/#\/schema\/logo\/image\/"},"sameAs":["https:\/\/www.facebook.com\/imoprius"]}]}},"_links":{"self":[{"href":"https:\/\/imoprius.com\/es\/wp-json\/wp\/v2\/pages\/19766","targetHints":{"allow":["GET"]}}],"collection":[{"href":"https:\/\/imoprius.com\/es\/wp-json\/wp\/v2\/pages"}],"about":[{"href":"https:\/\/imoprius.com\/es\/wp-json\/wp\/v2\/types\/page"}],"author":[{"embeddable":true,"href":"https:\/\/imoprius.com\/es\/wp-json\/wp\/v2\/users\/1"}],"replies":[{"embeddable":true,"href":"https:\/\/imoprius.com\/es\/wp-json\/wp\/v2\/comments?post=19766"}],"version-history":[{"count":4,"href":"https:\/\/imoprius.com\/es\/wp-json\/wp\/v2\/pages\/19766\/revisions"}],"predecessor-version":[{"id":19773,"href":"https:\/\/imoprius.com\/es\/wp-json\/wp\/v2\/pages\/19766\/revisions\/19773"}],"wp:attachment":[{"href":"https:\/\/imoprius.com\/es\/wp-json\/wp\/v2\/media?parent=19766"}],"curies":[{"name":"wp","href":"https:\/\/api.w.org\/{rel}","templated":true}]}}